{"id":343452,"date":"2024-01-08T10:01:35","date_gmt":"2024-01-08T10:01:35","guid":{"rendered":"https:\/\/topescorts.cz\/?post_type=product&#038;p=343452"},"modified":"2024-01-08T10:01:35","modified_gmt":"2024-01-08T10:01:35","slug":"melounekxo","status":"publish","type":"product","link":"https:\/\/topescorts.cz\/cs\/escort\/melounekxo\/","title":{"rendered":"MelounekXO"},"content":{"rendered":"<p>Ahoj, r\u00e1da bych se tady sezn\u00e1mila s mil\u00fdm mu\u017eem z bl\u00edzk\u00e9ho okol\u00ed pro spole\u010dn\u00e9 chv\u00edle ve dvou.<\/p>","protected":false},"excerpt":{"rendered":"<p>Ahoj, r\u00e1da bych se tady sezn\u00e1mila s mil\u00fdm mu\u017eem z bl\u00edzk\u00e9ho okol\u00ed pro spole\u010dn\u00e9 chv\u00edle ve dvou.<\/p>","protected":false},"featured_media":12393130,"template":"","meta":[],"product_brand":[],"product_cat":[2613],"product_tag":[2544,2548,2543,2545,2540,2547,2541,2546,2542],"class_list":{"0":"post-343452","1":"product","2":"type-product","3":"status-publish","4":"has-post-thumbnail","6":"product_cat-chomutov-escorts","7":"product_tag-adultprague","8":"product_tag-cz-escort","9":"product_tag-erotic-massage","10":"product_tag-escort-praha","11":"product_tag-sex-brno","12":"product_tag-sex-escort","13":"product_tag-sex-plzen","14":"product_tag-sexno1","15":"product_tag-topprivat","16":"pa_enjoys-69-pleasure-with-escort-girls","17":"pa_enjoys-anal-with-escort-girls","18":"pa_enjoys-bdsm-with-escort-girls","19":"pa_enjoys-big-tits-escort-girls","20":"pa_enjoys-bondage-fantasies-with-escort-girls","21":"pa_enjoys-cowgirl-position-with-escort-girls","22":"pa_enjoys-doggy-style-with-escort-girls","23":"pa_enjoys-escort-girls-who-enjoy-and-like-the-sexual-fantasy-and-pleasures-of-big-butt","24":"pa_enjoys-femdom-fantasies-with-escort-girls","25":"pa_enjoys-fisting-pleasure-with-escort-girls","26":"pa_enjoys-footjob-fetish-with-escort-girls","27":"pa_enjoys-kissing-pleasure-with-escort-girls","28":"pa_enjoys-latex-fantasies-with-escort-girls","29":"pa_enjoys-long-foreplay-with-escort-girls","30":"pa_enjoys-massage-pleasure-with-escort-girls","31":"pa_enjoys-masturbation-with-escort-girls","32":"pa_enjoys-medical-play-with-escort-girls","33":"pa_enjoys-missionary-position-with-escort-girls","34":"pa_enjoys-mystical-fantasies-with-escort-girls","35":"pa_enjoys-no-condom-escort-girls","36":"pa_enjoys-nylon-pleasure-with-escort-girls","37":"pa_enjoys-oral-sex-with-escort-girls","38":"pa_enjoys-public-fantasies-with-escort-girls","39":"pa_enjoys-role-play-with-escort-girls","40":"pa_enjoys-threesome-with-escort-girls","42":"first","43":"instock","44":"shipping-taxable","45":"product-type-external"},"yoast_head":"<!-- This site is optimized with the Yoast SEO Premium plugin v22.3 (Yoast SEO v27.0) - https:\/\/yoast.com\/product\/yoast-seo-premium-wordpress\/ -->\n<title>MelounekXO - Top Escorts<\/title>\n<meta name=\"description\" content=\"MelounekXO is a escort girl that is available in the Czech Republic from Top Escorts for you to contact. Contact MelounekXO today. Top Escorts\" \/>\n<meta name=\"robots\" content=\"index, follow, max-snippet:-1, max-image-preview:large, max-video-preview:-1\" \/>\n<link rel=\"canonical\" href=\"https:\/\/topescorts.cz\/cs\/doprovod\/melounekxo\/\" \/>\n<meta property=\"og:locale\" content=\"cs_CZ\" \/>\n<meta property=\"og:type\" content=\"article\" \/>\n<meta property=\"og:title\" content=\"MelounekXO\" \/>\n<meta property=\"og:description\" content=\"MelounekXO is a escort girl that is available in the Czech Republic from Top Escorts for you to contact. Contact MelounekXO today. Top Escorts\" \/>\n<meta property=\"og:url\" content=\"https:\/\/topescorts.cz\/cs\/doprovod\/melounekxo\/\" \/>\n<meta property=\"og:site_name\" content=\"Top Escorts\" \/>\n<meta property=\"og:image\" content=\"https:\/\/topescorts.cz\/wp-content\/uploads\/2023\/10\/343452_1.jpg\" \/>\n\t<meta property=\"og:image:width\" content=\"1\" \/>\n\t<meta property=\"og:image:height\" content=\"1\" \/>\n\t<meta property=\"og:image:type\" content=\"image\/jpeg\" \/>\n<meta name=\"twitter:card\" content=\"summary_large_image\" \/>\n<script type=\"application\/ld+json\" class=\"yoast-schema-graph\">{\"@context\":\"https:\/\/schema.org\",\"@graph\":[{\"@type\":\"WebPage\",\"@id\":\"https:\/\/topescorts.cz\/escort\/melounekxo\/\",\"url\":\"https:\/\/topescorts.cz\/escort\/melounekxo\/\",\"name\":\"MelounekXO - Top Escorts\",\"isPartOf\":{\"@id\":\"https:\/\/topescorts.cz\/#website\"},\"primaryImageOfPage\":{\"@id\":\"https:\/\/topescorts.cz\/escort\/melounekxo\/#primaryimage\"},\"image\":{\"@id\":\"https:\/\/topescorts.cz\/escort\/melounekxo\/#primaryimage\"},\"thumbnailUrl\":\"https:\/\/topescorts.cz\/wp-content\/uploads\/2023\/10\/343452_1.jpg\",\"datePublished\":\"2024-01-08T10:01:35+00:00\",\"description\":\"MelounekXO is a escort girl that is available in the Czech Republic from Top Escorts for you to contact. Contact MelounekXO today. Top Escorts\",\"breadcrumb\":{\"@id\":\"https:\/\/topescorts.cz\/escort\/melounekxo\/#breadcrumb\"},\"inLanguage\":\"cs\",\"potentialAction\":[{\"@type\":\"ReadAction\",\"target\":[\"https:\/\/topescorts.cz\/escort\/melounekxo\/\"]}]},{\"@type\":\"ImageObject\",\"inLanguage\":\"cs\",\"@id\":\"https:\/\/topescorts.cz\/escort\/melounekxo\/#primaryimage\",\"url\":\"https:\/\/topescorts.cz\/wp-content\/uploads\/2023\/10\/343452_1.jpg\",\"contentUrl\":\"https:\/\/topescorts.cz\/wp-content\/uploads\/2023\/10\/343452_1.jpg\",\"caption\":\"MelounekXO\"},{\"@type\":\"BreadcrumbList\",\"@id\":\"https:\/\/topescorts.cz\/escort\/melounekxo\/#breadcrumb\",\"itemListElement\":[{\"@type\":\"ListItem\",\"position\":1,\"name\":\"Home\",\"item\":\"https:\/\/topescorts.cz\/\"},{\"@type\":\"ListItem\",\"position\":2,\"name\":\"Topescorts\",\"item\":\"https:\/\/topescorts.cz\/\"},{\"@type\":\"ListItem\",\"position\":3,\"name\":\"MelounekXO\"}]},{\"@type\":\"WebSite\",\"@id\":\"https:\/\/topescorts.cz\/#website\",\"url\":\"https:\/\/topescorts.cz\/\",\"name\":\"Top Escorts\",\"description\":\"\",\"publisher\":{\"@id\":\"https:\/\/topescorts.cz\/#organization\"},\"alternateName\":\"Escorts\",\"potentialAction\":[{\"@type\":\"SearchAction\",\"target\":{\"@type\":\"EntryPoint\",\"urlTemplate\":\"https:\/\/topescorts.cz\/?s={search_term_string}\"},\"query-input\":{\"@type\":\"PropertyValueSpecification\",\"valueRequired\":true,\"valueName\":\"search_term_string\"}}],\"inLanguage\":\"cs\"},{\"@type\":\"Organization\",\"@id\":\"https:\/\/topescorts.cz\/#organization\",\"name\":\"Top Escorts\",\"url\":\"https:\/\/topescorts.cz\/\",\"logo\":{\"@type\":\"ImageObject\",\"inLanguage\":\"cs\",\"@id\":\"https:\/\/topescorts.cz\/#\/schema\/logo\/image\/\",\"url\":\"https:\/\/topescorts.cz\/wp-content\/uploads\/2023\/10\/cropped-Top-Escorts-CZ.png\",\"contentUrl\":\"https:\/\/topescorts.cz\/wp-content\/uploads\/2023\/10\/cropped-Top-Escorts-CZ.png\",\"width\":193,\"height\":46,\"caption\":\"Top Escorts\"},\"image\":{\"@id\":\"https:\/\/topescorts.cz\/#\/schema\/logo\/image\/\"}}]}<\/script>\n<!-- \/ Yoast SEO Premium plugin. -->","yoast_head_json":{"title":"MelounekXO - Top Escorts","description":"MelounekXO is a escort girl that is available in the Czech Republic from Top Escorts for you to contact. Contact MelounekXO today. Top Escorts","robots":{"index":"index","follow":"follow","max-snippet":"max-snippet:-1","max-image-preview":"max-image-preview:large","max-video-preview":"max-video-preview:-1"},"canonical":"https:\/\/topescorts.cz\/cs\/doprovod\/melounekxo\/","og_locale":"cs_CZ","og_type":"article","og_title":"MelounekXO","og_description":"MelounekXO is a escort girl that is available in the Czech Republic from Top Escorts for you to contact. Contact MelounekXO today. Top Escorts","og_url":"https:\/\/topescorts.cz\/cs\/doprovod\/melounekxo\/","og_site_name":"Top Escorts","og_image":[{"url":"https:\/\/topescorts.cz\/wp-content\/uploads\/2023\/10\/343452_1.jpg","width":1,"height":1,"type":"image\/jpeg"}],"twitter_card":"summary_large_image","schema":{"@context":"https:\/\/schema.org","@graph":[{"@type":"WebPage","@id":"https:\/\/topescorts.cz\/escort\/melounekxo\/","url":"https:\/\/topescorts.cz\/escort\/melounekxo\/","name":"MelounekXO - Top Escorts","isPartOf":{"@id":"https:\/\/topescorts.cz\/#website"},"primaryImageOfPage":{"@id":"https:\/\/topescorts.cz\/escort\/melounekxo\/#primaryimage"},"image":{"@id":"https:\/\/topescorts.cz\/escort\/melounekxo\/#primaryimage"},"thumbnailUrl":"https:\/\/topescorts.cz\/wp-content\/uploads\/2023\/10\/343452_1.jpg","datePublished":"2024-01-08T10:01:35+00:00","description":"MelounekXO is a escort girl that is available in the Czech Republic from Top Escorts for you to contact. Contact MelounekXO today. Top Escorts","breadcrumb":{"@id":"https:\/\/topescorts.cz\/escort\/melounekxo\/#breadcrumb"},"inLanguage":"cs","potentialAction":[{"@type":"ReadAction","target":["https:\/\/topescorts.cz\/escort\/melounekxo\/"]}]},{"@type":"ImageObject","inLanguage":"cs","@id":"https:\/\/topescorts.cz\/escort\/melounekxo\/#primaryimage","url":"https:\/\/topescorts.cz\/wp-content\/uploads\/2023\/10\/343452_1.jpg","contentUrl":"https:\/\/topescorts.cz\/wp-content\/uploads\/2023\/10\/343452_1.jpg","caption":"MelounekXO"},{"@type":"BreadcrumbList","@id":"https:\/\/topescorts.cz\/escort\/melounekxo\/#breadcrumb","itemListElement":[{"@type":"ListItem","position":1,"name":"Home","item":"https:\/\/topescorts.cz\/"},{"@type":"ListItem","position":2,"name":"Topescorts","item":"https:\/\/topescorts.cz\/"},{"@type":"ListItem","position":3,"name":"MelounekXO"}]},{"@type":"WebSite","@id":"https:\/\/topescorts.cz\/#website","url":"https:\/\/topescorts.cz\/","name":"Nejlep\u0161\u00ed doprovod","description":"","publisher":{"@id":"https:\/\/topescorts.cz\/#organization"},"alternateName":"Escorts","potentialAction":[{"@type":"SearchAction","target":{"@type":"EntryPoint","urlTemplate":"https:\/\/topescorts.cz\/?s={search_term_string}"},"query-input":{"@type":"PropertyValueSpecification","valueRequired":true,"valueName":"search_term_string"}}],"inLanguage":"cs"},{"@type":"Organization","@id":"https:\/\/topescorts.cz\/#organization","name":"Nejlep\u0161\u00ed doprovod","url":"https:\/\/topescorts.cz\/","logo":{"@type":"ImageObject","inLanguage":"cs","@id":"https:\/\/topescorts.cz\/#\/schema\/logo\/image\/","url":"https:\/\/topescorts.cz\/wp-content\/uploads\/2023\/10\/cropped-Top-Escorts-CZ.png","contentUrl":"https:\/\/topescorts.cz\/wp-content\/uploads\/2023\/10\/cropped-Top-Escorts-CZ.png","width":193,"height":46,"caption":"Top Escorts"},"image":{"@id":"https:\/\/topescorts.cz\/#\/schema\/logo\/image\/"}}]}},"_links":{"self":[{"href":"https:\/\/topescorts.cz\/cs\/wp-json\/wp\/v2\/product\/343452","targetHints":{"allow":["GET"]}}],"collection":[{"href":"https:\/\/topescorts.cz\/cs\/wp-json\/wp\/v2\/product"}],"about":[{"href":"https:\/\/topescorts.cz\/cs\/wp-json\/wp\/v2\/types\/product"}],"wp:featuredmedia":[{"embeddable":true,"href":"https:\/\/topescorts.cz\/cs\/wp-json\/wp\/v2\/media\/12393130"}],"wp:attachment":[{"href":"https:\/\/topescorts.cz\/cs\/wp-json\/wp\/v2\/media?parent=343452"}],"wp:term":[{"taxonomy":"product_brand","embeddable":true,"href":"https:\/\/topescorts.cz\/cs\/wp-json\/wp\/v2\/product_brand?post=343452"},{"taxonomy":"product_cat","embeddable":true,"href":"https:\/\/topescorts.cz\/cs\/wp-json\/wp\/v2\/product_cat?post=343452"},{"taxonomy":"product_tag","embeddable":true,"href":"https:\/\/topescorts.cz\/cs\/wp-json\/wp\/v2\/product_tag?post=343452"}],"curies":[{"name":"wp","href":"https:\/\/api.w.org\/{rel}","templated":true}]}}